{"id":2177,"date":"2026-03-09T16:41:10","date_gmt":"2026-03-09T15:41:10","guid":{"rendered":"https:\/\/oltrelarcomolfetta.it\/?page_id=2177"},"modified":"2026-03-09T16:41:12","modified_gmt":"2026-03-09T15:41:12","slug":"scopri-anche-oltremare","status":"publish","type":"page","link":"https:\/\/oltrelarcomolfetta.it\/index.php\/scopri-anche-oltremare\/","title":{"rendered":"SCOPRI ANCHE OLTREMARE"},"content":{"rendered":"\n<h2 class=\"wp-block-heading\">L&#8217;altra anima della nostra accoglienza a Molfetta<\/h2>\n\n\n\n<p>Chi sceglie <strong>Oltre l\u2019Arco<\/strong> spesso non lo sa: la nostra ospitalit\u00e0 non si ferma qui.<br>Accanto a questa casa nel cuore del centro storico di Molfetta, esiste un\u2019altra esperienza di soggiorno firmata <strong>Oltre Puglia Hospitality.<\/strong><br>Si chiama <strong>Oltremare.<\/strong><br>Due luoghi diversi, un\u2019unica idea di accoglienza: far sentire ogni ospite accolto, libero e a casa.<\/p>\n\n\n\n<h2 class=\"wp-block-heading\">Oltremare &#8211; luce, mare e relax<\/h2>\n\n\n\n<figure class=\"wp-block-gallery has-nested-images columns-default is-cropped wp-block-gallery-1 is-layout-flex wp-block-gallery-is-layout-flex\">\n<figure class=\"wp-block-image size-large\"><img loading=\"lazy\" decoding=\"async\" width=\"1024\" height=\"768\" data-id=\"2181\" src=\"https:\/\/oltrelarcomolfetta.it\/wp-content\/uploads\/2026\/03\/WhatsApp-Image-2025-12-19-at-14.34.53-1-1024x768.jpeg\" alt=\"\" class=\"wp-image-2181\" srcset=\"https:\/\/oltrelarcomolfetta.it\/wp-content\/uploads\/2026\/03\/WhatsApp-Image-2025-12-19-at-14.34.53-1-1024x768.jpeg 1024w, https:\/\/oltrelarcomolfetta.it\/wp-content\/uploads\/2026\/03\/WhatsApp-Image-2025-12-19-at-14.34.53-1-300x225.jpeg 300w, https:\/\/oltrelarcomolfetta.it\/wp-content\/uploads\/2026\/03\/WhatsApp-Image-2025-12-19-at-14.34.53-1-768x576.jpeg 768w, https:\/\/oltrelarcomolfetta.it\/wp-content\/uploads\/2026\/03\/WhatsApp-Image-2025-12-19-at-14.34.53-1-1536x1153.jpeg 1536w, https:\/\/oltrelarcomolfetta.it\/wp-content\/uploads\/2026\/03\/WhatsApp-Image-2025-12-19-at-14.34.53-1-892x669.jpeg 892w, https:\/\/oltrelarcomolfetta.it\/wp-content\/uploads\/2026\/03\/WhatsApp-Image-2025-12-19-at-14.34.53-1.jpeg 1599w\" sizes=\"auto, (max-width: 1024px) 100vw, 1024px\" \/><\/figure>\n\n\n\n<figure class=\"wp-block-image size-large\"><img loading=\"lazy\" decoding=\"async\" width=\"1024\" height=\"768\" data-id=\"2179\" src=\"https:\/\/oltrelarcomolfetta.it\/wp-content\/uploads\/2026\/03\/WhatsApp-Image-2025-12-19-at-14.35.02-1024x768.jpeg\" alt=\"\" class=\"wp-image-2179\" srcset=\"https:\/\/oltrelarcomolfetta.it\/wp-content\/uploads\/2026\/03\/WhatsApp-Image-2025-12-19-at-14.35.02-1024x768.jpeg 1024w, https:\/\/oltrelarcomolfetta.it\/wp-content\/uploads\/2026\/03\/WhatsApp-Image-2025-12-19-at-14.35.02-300x225.jpeg 300w, https:\/\/oltrelarcomolfetta.it\/wp-content\/uploads\/2026\/03\/WhatsApp-Image-2025-12-19-at-14.35.02-768x576.jpeg 768w, https:\/\/oltrelarcomolfetta.it\/wp-content\/uploads\/2026\/03\/WhatsApp-Image-2025-12-19-at-14.35.02-892x669.jpeg 892w, https:\/\/oltrelarcomolfetta.it\/wp-content\/uploads\/2026\/03\/WhatsApp-Image-2025-12-19-at-14.35.02.jpeg 1296w\" sizes=\"auto, (max-width: 1024px) 100vw, 1024px\" \/><\/figure>\n\n\n\n<figure class=\"wp-block-image size-large\"><img loading=\"lazy\" decoding=\"async\" width=\"1024\" height=\"768\" data-id=\"2180\" src=\"https:\/\/oltrelarcomolfetta.it\/wp-content\/uploads\/2026\/03\/WhatsApp-Image-2025-12-19-at-14.35.03-1-1024x768.jpeg\" alt=\"\" class=\"wp-image-2180\" srcset=\"https:\/\/oltrelarcomolfetta.it\/wp-content\/uploads\/2026\/03\/WhatsApp-Image-2025-12-19-at-14.35.03-1-1024x768.jpeg 1024w, https:\/\/oltrelarcomolfetta.it\/wp-content\/uploads\/2026\/03\/WhatsApp-Image-2025-12-19-at-14.35.03-1-300x225.jpeg 300w, https:\/\/oltrelarcomolfetta.it\/wp-content\/uploads\/2026\/03\/WhatsApp-Image-2025-12-19-at-14.35.03-1-768x576.jpeg 768w, https:\/\/oltrelarcomolfetta.it\/wp-content\/uploads\/2026\/03\/WhatsApp-Image-2025-12-19-at-14.35.03-1-892x669.jpeg 892w, https:\/\/oltrelarcomolfetta.it\/wp-content\/uploads\/2026\/03\/WhatsApp-Image-2025-12-19-at-14.35.03-1.jpeg 1296w\" sizes=\"auto, (max-width: 1024px) 100vw, 1024px\" \/><\/figure>\n<\/figure>\n\n\n\n<p>Se <strong>Oltre l\u2019Arco<\/strong> racconta la Molfetta pi\u00f9 autentica, fatta di vicoli e pietra viva, <strong>Oltremare<\/strong> \u00e8 la sua anima luminosa e contemporanea.<br>Uno spazio pensato per chi cerca:<br>&#8211; ambienti luminosi e moderni<br>&#8211; comfort per soggiorni pi\u00f9 lunghi<br>&#8211; un\u2019atmosfera rilassata ispirata al mare<br>&#8211; la stessa cura e attenzione per gli ospiti<\/p>\n\n\n\n<p>\u00c8 la scelta perfetta per chi ama la Puglia, ma desidera viverla con uno stile pi\u00f9 moderno e arioso.<\/p>\n\n\n\n<h2 class=\"wp-block-heading\">Due luoghi, un&#8217;unica accoglienza<\/h2>\n\n\n\n<p>Soggiornare in una delle nostre strutture significa entrare nel mondo di <strong>Oltre Puglia Hospitality,<\/strong> un progetto di ospitalit\u00e0 autentica.<br>Accogliamo personalmente ogni ospite e condividiamo consigli, luoghi del cuore e piccoli segreti della nostra terra.<br>Per noi l\u2019ospitalit\u00e0 \u00e8 fatta di dettagli, relazioni e autenticit\u00e0.<\/p>\n\n\n\n<h2 class=\"wp-block-heading\">Scopri Oltremare<\/h2>\n\n\n\n<p>Vuoi vedere le camere, le foto e la disponibilit\u00e0?<br>\ud83d\udc49 Visita il<a href=\"https:\/\/www.oltrepugliahospitality.it\/it\/\" title=\" sito ufficiale di Oltremare\"> sito ufficiale di Oltremare<\/a><br><\/p>\n","protected":false},"excerpt":{"rendered":"<p>L&#8217;altra anima della nostra accoglienza a Molfetta Chi sceglie Oltre l\u2019Arco spesso non lo sa: la nostra ospitalit\u00e0 non si ferma qui.Accanto a questa casa nel cuore del centro storico di Molfetta, esiste un\u2019altra esperienza di soggiorno firmata Oltre Puglia Hospitality.Si chiama Oltremare.Due luoghi diversi, un\u2019unica idea di accoglienza: far sentire ogni ospite accolto, libero [&hellip;]<\/p>\n","protected":false},"author":1,"featured_media":0,"parent":0,"menu_order":0,"comment_status":"closed","ping_status":"closed","template":"","meta":{"footnotes":""},"class_list":["post-2177","page","type-page","status-publish","hentry"],"aioseo_notices":[],"_links":{"self":[{"href":"https:\/\/oltrelarcomolfetta.it\/index.php\/wp-json\/wp\/v2\/pages\/2177","targetHints":{"allow":["GET"]}}],"collection":[{"href":"https:\/\/oltrelarcomolfetta.it\/index.php\/wp-json\/wp\/v2\/pages"}],"about":[{"href":"https:\/\/oltrelarcomolfetta.it\/index.php\/wp-json\/wp\/v2\/types\/page"}],"author":[{"embeddable":true,"href":"https:\/\/oltrelarcomolfetta.it\/index.php\/wp-json\/wp\/v2\/users\/1"}],"replies":[{"embeddable":true,"href":"https:\/\/oltrelarcomolfetta.it\/index.php\/wp-json\/wp\/v2\/comments?post=2177"}],"version-history":[{"count":1,"href":"https:\/\/oltrelarcomolfetta.it\/index.php\/wp-json\/wp\/v2\/pages\/2177\/revisions"}],"predecessor-version":[{"id":2182,"href":"https:\/\/oltrelarcomolfetta.it\/index.php\/wp-json\/wp\/v2\/pages\/2177\/revisions\/2182"}],"wp:attachment":[{"href":"https:\/\/oltrelarcomolfetta.it\/index.php\/wp-json\/wp\/v2\/media?parent=2177"}],"curies":[{"name":"wp","href":"https:\/\/api.w.org\/{rel}","templated":true}]}}